{"id":8159,"date":"2017-09-14T19:59:53","date_gmt":"2017-09-14T17:59:53","guid":{"rendered":"https:\/\/breakers.nordhalber.de\/?page_id=8159"},"modified":"2025-04-09T14:39:36","modified_gmt":"2025-04-09T12:39:36","slug":"be-active","status":"publish","type":"page","link":"https:\/\/www.thebreakers-somabay.com\/de\/sports\/be-active\/","title":{"rendered":"Be Active"},"content":{"rendered":"<div class='clear'><\/div><div id='sub_menu1'  class='av-submenu-container av-1n1aglr-d6831378cdd70f82c23da14e7e74e6dd header_color  avia-builder-el-0  el_before_av_two_third  avia-builder-el-first  av-sticky-submenu container_wrap sidebar_right' style='z-index:301' ><div class='container av-menu-mobile-disabled av-submenu-pos-center'><ul id=\"menu-gallery\" class=\"av-subnav-menu\" role=\"menu\"><li role=\"menuitem\" id=\"menu-item-7937\" class=\"menu-item menu-item-type-custom menu-item-object-custom menu-item-top-level menu-item-top-level-1\"><a href=\"\/gallery\/#pictures\" itemprop=\"url\" tabindex=\"0\"><span class=\"avia-bullet\"><\/span><span class=\"avia-menu-text\">Pictures<\/span><span class=\"avia-menu-fx\"><span class=\"avia-arrow-wrap\"><span class=\"avia-arrow\"><\/span><\/span><\/span><\/a><\/li>\n<li role=\"menuitem\" id=\"menu-item-7938\" class=\"menu-item menu-item-type-custom menu-item-object-custom menu-item-top-level menu-item-top-level-2\"><a href=\"\/gallery\/#videos\" itemprop=\"url\" tabindex=\"0\"><span class=\"avia-bullet\"><\/span><span class=\"avia-menu-text\">Videos<\/span><span class=\"avia-menu-fx\"><span class=\"avia-arrow-wrap\"><span class=\"avia-arrow\"><\/span><\/span><\/span><\/a><\/li>\n<li role=\"menuitem\" id=\"menu-item-7939\" class=\"menu-item menu-item-type-custom menu-item-object-custom menu-item-top-level menu-item-top-level-3\"><a href=\"\/gallery\/#magazin\" itemprop=\"url\" tabindex=\"0\"><span class=\"avia-bullet\"><\/span><span class=\"avia-menu-text\">Magazine<\/span><span class=\"avia-menu-fx\"><span class=\"avia-arrow-wrap\"><span class=\"avia-arrow\"><\/span><\/span><\/span><\/a><\/li>\n<\/ul><\/div><\/div><div class='sticky_placeholder'><\/div><div id='after_submenu_1'  class='main_color av_default_container_wrap container_wrap sidebar_right'  ><div class='container av-section-cont-open' ><div class='template-page content  av-content-small alpha units'><div class='post-entry post-entry-type-page post-entry-8159'><div class='entry-content-wrapper clearfix'>\n\n<style type=\"text\/css\" data-created_by=\"avia_inline_auto\" id=\"style-css-av-1h9pdsv-b1068d4d6ad6dbad02db897d00105f17\">\n.flex_column.av-1h9pdsv-b1068d4d6ad6dbad02db897d00105f17{\nborder-radius:0px 0px 0px 0px;\npadding:10px 20px 0px 10px;\n}\n<\/style>\n<div  class='flex_column av-1h9pdsv-b1068d4d6ad6dbad02db897d00105f17 av_two_third  avia-builder-el-1  el_after_av_submenu  el_before_av_one_third  avia-builder-el-first  first flex_column_div  '     ><style type=\"text\/css\" data-created_by=\"avia_inline_auto\" id=\"style-css-av-1fwijsv-2705ad8f04b4922dbaab9bed49b34d2e\">\n.avia-image-container.av-1fwijsv-2705ad8f04b4922dbaab9bed49b34d2e img.avia_image{\nbox-shadow:none;\n}\n.avia-image-container.av-1fwijsv-2705ad8f04b4922dbaab9bed49b34d2e .av-image-caption-overlay-center{\ncolor:#ffffff;\n}\n<\/style>\n<div  class='avia-image-container av-1fwijsv-2705ad8f04b4922dbaab9bed49b34d2e av-styling- avia-align-center  avia-builder-el-2  avia-builder-el-no-sibling '   itemprop=\"image\" itemscope=\"itemscope\" itemtype=\"https:\/\/schema.org\/ImageObject\" ><div class=\"avia-image-container-inner\"><div class=\"avia-image-overlay-wrap\"><img decoding=\"async\" fetchpriority=\"high\" class='wp-image- avia-img-lazy-loading-not- avia_image ' src=\"https:\/\/www.thebreakers-somabay.com\/wp-content\/uploads\/2017\/09\/Be-Activ.jpg\" alt='' title=''   itemprop=\"thumbnailUrl\"  \/><\/div><\/div><\/div><\/div>\n<style type=\"text\/css\" data-created_by=\"avia_inline_auto\" id=\"style-css-av-1ep7wov-ffa94a0ce16f7137b6cec62a973d4f2e\">\n.flex_column.av-1ep7wov-ffa94a0ce16f7137b6cec62a973d4f2e{\nborder-radius:0px 0px 0px 0px;\npadding:0px 0px 0px 0px;\n}\n<\/style>\n<div  class='flex_column av-1ep7wov-ffa94a0ce16f7137b6cec62a973d4f2e av_one_third  avia-builder-el-3  el_after_av_two_third  el_before_av_section  avia-builder-el-last  flex_column_div av-zero-column-padding  '     ><section  class='av_textblock_section av-1dm0xxr-876c6256295d794fe6d87069a810bf8b '   itemscope=\"itemscope\" itemtype=\"https:\/\/schema.org\/CreativeWork\" ><div class='avia_textblock'  itemprop=\"text\" ><h1 style=\"text-align: center;\"><span style=\"font-size: 28px;\">Be Active<\/span><br \/>\n<img decoding=\"async\" class=\"nohover alignnone\" src=\"\/wp-content\/themes\/enfold-child\/images\/sep.png\" alt=\"Seperator\" \/><\/h1>\n<p class=\"\" data-start=\"183\" data-end=\"760\">Tauchen und Surfen stehen bei uns im Fokus \u2013 doch das ist l\u00e4ngst nicht alles. Im Breakers erwartet Sie ein vielf\u00e4ltiges Sportangebot: t\u00e4gliche Yoga-Sessions mit unserer erfahrenen Lehrerin, Beachvolleyballpl\u00e4tze f\u00fcr spontane Matches oder professionelle Trainingscamps. Im modernen Fitnessraum st\u00e4rken Sie gezielt Ihre Muskulatur, w\u00e4hrend zwei Joggingstrecken direkt vor dem Hotel zum Laufen einladen. Wer das Wasser liebt, kann beim Stand-Up-Paddling am KiteHouse zur Ruhe kommen \u2013 oder bei einer Runde Boccia ganz entspannt den Tag ausklingen lassen.<\/p>\n<\/div><\/section><\/div><\/div><\/div><\/div><!-- close content main div --><\/div><\/div><div id='av_section_1'  class='avia-section av-1bck78f-96ebe793c71e44a99baa0b98fd928c2e main_color avia-section-default avia-no-border-styling  avia-builder-el-5  el_after_av_one_third  el_before_av_section  avia-bg-style-scroll container_wrap sidebar_right'  ><div class='container av-section-cont-open' ><div class='template-page content  av-content-small alpha units'><div class='post-entry post-entry-type-page post-entry-8159'><div class='entry-content-wrapper clearfix'>\n\n<style type=\"text\/css\" data-created_by=\"avia_inline_auto\" id=\"style-css-av-1a6g7m7-a60534f5d0dd6e2cb8431235c8490cd5\">\n.flex_column.av-1a6g7m7-a60534f5d0dd6e2cb8431235c8490cd5{\nborder-radius:0px 0px 0px 0px;\npadding:0px 0px 0px 0px;\n}\n<\/style>\n<div  class='flex_column av-1a6g7m7-a60534f5d0dd6e2cb8431235c8490cd5 av_one_third  avia-builder-el-6  el_before_av_one_third  avia-builder-el-first  first flex_column_div av-zero-column-padding  '     ><p>\n<style type=\"text\/css\" data-created_by=\"avia_inline_auto\" id=\"style-css-av-181rkwf-db569c3560f4c81e7b4a5aa69d603338\">\n.avia-image-container.av-181rkwf-db569c3560f4c81e7b4a5aa69d603338 img.avia_image{\nbox-shadow:none;\n}\n.avia-image-container.av-181rkwf-db569c3560f4c81e7b4a5aa69d603338 .av-image-caption-overlay-center{\ncolor:#ffffff;\n}\n<\/style>\n<div  class='avia-image-container av-181rkwf-db569c3560f4c81e7b4a5aa69d603338 av-styling- av-hover-grow avia-align-center  avia-builder-el-7  el_before_av_hr  avia-builder-el-first '   itemprop=\"image\" itemscope=\"itemscope\" itemtype=\"https:\/\/schema.org\/ImageObject\" ><div class=\"avia-image-container-inner\"><div class=\"avia-image-overlay-wrap\"><img decoding=\"async\" fetchpriority=\"high\" class='wp-image- avia-img-lazy-loading-not- avia_image ' src=\"https:\/\/www.thebreakers-somabay.com\/wp-content\/uploads\/2017\/09\/Yoga.jpg\" alt='' title=''   itemprop=\"thumbnailUrl\"  \/><\/div><\/div><\/div><br \/>\n\n<style type=\"text\/css\" data-created_by=\"avia_inline_auto\" id=\"style-css-av-16oyofz-0ca12a0d06aa545e575635bab09758d2\">\n#top .hr.hr-invisible.av-16oyofz-0ca12a0d06aa545e575635bab09758d2{\nheight:20px;\n}\n<\/style>\n<div  class='hr av-16oyofz-0ca12a0d06aa545e575635bab09758d2 hr-invisible  avia-builder-el-8  el_after_av_image  el_before_av_textblock '><span class='hr-inner '><span class=\"hr-inner-style\"><\/span><\/span><\/div><br \/>\n<section  class='av_textblock_section av-14jiecv-58456b919d61a327befdc592fd2a983e '   itemscope=\"itemscope\" itemtype=\"https:\/\/schema.org\/CreativeWork\" ><div class='avia_textblock'  itemprop=\"text\" ><h2 style=\"text-align: center;\">Yoga<br \/>\n<img decoding=\"async\" class=\"nohover alignnone\" src=\"\/wp-content\/themes\/enfold-child\/images\/sep.png\" alt=\"Seperator\" \/><\/h2>\n<p style=\"text-align: center;\">Beginne den Tag mit einer sanften Yoga-Session im Pavillon auf der Dachterrasse \u2013 mit atemberaubendem Blick \u00fcber das Rote Meer und die Berge. Auch abends begleitet Sie hier die Sonne in die Entspannung. Unsere ganzj\u00e4hrig anwesende Yogalehrerin hilft dir, K\u00f6rper und Geist in Einklang zu bringen. Atmen. Loslassen. Ankommen.<\/p>\n<\/div><\/section><\/p><\/div>\n<style type=\"text\/css\" data-created_by=\"avia_inline_auto\" id=\"style-css-av-138a2xr-ffd742c08b5647254938ab7ae771c0d4\">\n.flex_column.av-138a2xr-ffd742c08b5647254938ab7ae771c0d4{\nborder-radius:0px 0px 0px 0px;\npadding:0px 0px 0px 0px;\n}\n<\/style>\n<div  class='flex_column av-138a2xr-ffd742c08b5647254938ab7ae771c0d4 av_one_third  avia-builder-el-10  el_after_av_one_third  el_before_av_one_third  flex_column_div av-zero-column-padding  '     ><p>\n<style type=\"text\/css\" data-created_by=\"avia_inline_auto\" id=\"style-css-av-10l7srz-9392a74ddc90d184748b6e880c2a2504\">\n.avia-image-container.av-10l7srz-9392a74ddc90d184748b6e880c2a2504 img.avia_image{\nbox-shadow:none;\n}\n.avia-image-container.av-10l7srz-9392a74ddc90d184748b6e880c2a2504 .av-image-caption-overlay-center{\ncolor:#ffffff;\n}\n<\/style>\n<div  class='avia-image-container av-10l7srz-9392a74ddc90d184748b6e880c2a2504 av-styling- av-hover-grow avia-align-center  avia-builder-el-11  el_before_av_hr  avia-builder-el-first '   itemprop=\"image\" itemscope=\"itemscope\" itemtype=\"https:\/\/schema.org\/ImageObject\" ><div class=\"avia-image-container-inner\"><div class=\"avia-image-overlay-wrap\"><img decoding=\"async\" fetchpriority=\"high\" class='wp-image- avia-img-lazy-loading-not- avia_image ' src=\"https:\/\/www.thebreakers-somabay.com\/wp-content\/uploads\/2017\/09\/Beachvolleyball.jpg\" alt='' title=''   itemprop=\"thumbnailUrl\"  \/><\/div><\/div><\/div><br \/>\n\n<style type=\"text\/css\" data-created_by=\"avia_inline_auto\" id=\"style-css-av-3mce1r-def1394a38af44f1e5605693f5065d4e\">\n#top .hr.hr-invisible.av-3mce1r-def1394a38af44f1e5605693f5065d4e{\nheight:20px;\n}\n<\/style>\n<div  class='hr av-3mce1r-def1394a38af44f1e5605693f5065d4e hr-invisible  avia-builder-el-12  el_after_av_image  el_before_av_textblock '><span class='hr-inner '><span class=\"hr-inner-style\"><\/span><\/span><\/div><br \/>\n<section  class='av_textblock_section av-xv4f5b-56cb8f96648be47fed94d7d381eec156 '   itemscope=\"itemscope\" itemtype=\"https:\/\/schema.org\/CreativeWork\" ><div class='avia_textblock'  itemprop=\"text\" ><h2 style=\"text-align: center;\">Beachvolleyball<br \/>\n<img decoding=\"async\" class=\"nohover alignnone\" src=\"\/wp-content\/themes\/enfold-child\/images\/sep.png\" alt=\"Seperator\" \/><\/h2>\n<p style=\"text-align: center;\">Direkt am <a href=\"https:\/\/kitehouse-somabay.com\/\">7 Bft KiteHouse<\/a> warten mehrere Beachvolleyball-Courts auf ambitionierte und freizeitorientierte Spieler. Sogar Olympiasieger wie Laura Ludwig, Kira Walkenhorst, Jonas Reckermann und Julius Brink haben hier bereits trainiert. Egal ob lockeres Spiel oder intensives Match \u2013 hier kommen Beacher voll auf ihre Kosten.<\/p>\n<\/div><\/section><\/p><\/div>\n<style type=\"text\/css\" data-created_by=\"avia_inline_auto\" id=\"style-css-av-36iwi7-1cee4510e8be7527ceceed91bfa27279\">\n.flex_column.av-36iwi7-1cee4510e8be7527ceceed91bfa27279{\nborder-radius:0px 0px 0px 0px;\npadding:0px 0px 0px 0px;\n}\n<\/style>\n<div  class='flex_column av-36iwi7-1cee4510e8be7527ceceed91bfa27279 av_one_third  avia-builder-el-14  el_after_av_one_third  el_before_av_one_third  flex_column_div av-zero-column-padding  '     ><p>\n<style type=\"text\/css\" data-created_by=\"avia_inline_auto\" id=\"style-css-av-u7v74f-48ac81544a0ba1a8d477f1ec132bbec9\">\n.avia-image-container.av-u7v74f-48ac81544a0ba1a8d477f1ec132bbec9 img.avia_image{\nbox-shadow:none;\n}\n.avia-image-container.av-u7v74f-48ac81544a0ba1a8d477f1ec132bbec9 .av-image-caption-overlay-center{\ncolor:#ffffff;\n}\n<\/style>\n<div  class='avia-image-container av-u7v74f-48ac81544a0ba1a8d477f1ec132bbec9 av-styling- av-hover-grow avia-align-center  avia-builder-el-15  el_before_av_hr  avia-builder-el-first '   itemprop=\"image\" itemscope=\"itemscope\" itemtype=\"https:\/\/schema.org\/ImageObject\" ><div class=\"avia-image-container-inner\"><div class=\"avia-image-overlay-wrap\"><img decoding=\"async\" fetchpriority=\"high\" class='wp-image- avia-img-lazy-loading-not- avia_image ' src=\"https:\/\/www.thebreakers-somabay.com\/wp-content\/uploads\/2017\/09\/Gym.jpg\" alt='' title=''   itemprop=\"thumbnailUrl\"  \/><\/div><\/div><\/div><br \/>\n\n<style type=\"text\/css\" data-created_by=\"avia_inline_auto\" id=\"style-css-av-t3cnen-620791da915d532ee583f62cef10f1fd\">\n#top .hr.hr-invisible.av-t3cnen-620791da915d532ee583f62cef10f1fd{\nheight:20px;\n}\n<\/style>\n<div  class='hr av-t3cnen-620791da915d532ee583f62cef10f1fd hr-invisible  avia-builder-el-16  el_after_av_image  el_before_av_textblock '><span class='hr-inner '><span class=\"hr-inner-style\"><\/span><\/span><\/div><br \/>\n<section  class='av_textblock_section av-r6xaun-66ca81bfb2030b17f86fe148416e4533 '   itemscope=\"itemscope\" itemtype=\"https:\/\/schema.org\/CreativeWork\" ><div class='avia_textblock'  itemprop=\"text\" ><h2 style=\"text-align: center;\">Gym<br \/>\n<img decoding=\"async\" class=\"nohover alignnone\" src=\"\/wp-content\/themes\/enfold-child\/images\/sep.png\" alt=\"Seperator\" \/><\/h2>\n<p style=\"text-align: center;\">Wer auch im Urlaub nicht auf sein Workout verzichten m\u00f6chte, ist bei uns genau richtig: Unser Gym ist mit modernen TechnoGym-Ger\u00e4ten ausgestattet und bietet mit TRX-B\u00e4ndern sowie Battle Ropes auch ideale Voraussetzungen f\u00fcr funktionelles Training und CrossFit-Einheiten. Bleib aktiv \u2013 mit bester Aussicht und Top-Ausstattung.<\/p>\n<\/div><\/section><\/p><\/div>\n<style type=\"text\/css\" data-created_by=\"avia_inline_auto\" id=\"style-css-av-qb740v-8489092fc52c611438e65e472a32f1f0\">\n.flex_column.av-qb740v-8489092fc52c611438e65e472a32f1f0{\nborder-radius:0px 0px 0px 0px;\npadding:0px 0px 0px 0px;\n}\n<\/style>\n<div  class='flex_column av-qb740v-8489092fc52c611438e65e472a32f1f0 av_one_third  avia-builder-el-18  el_after_av_one_third  el_before_av_one_third  first flex_column_div av-zero-column-padding  column-top-margin'     ><p>\n<style type=\"text\/css\" data-created_by=\"avia_inline_auto\" id=\"style-css-av-ojmnrj-4386e8d4d711b0677d4fb2a5ec9bc0b6\">\n.avia-image-container.av-ojmnrj-4386e8d4d711b0677d4fb2a5ec9bc0b6 img.avia_image{\nbox-shadow:none;\n}\n.avia-image-container.av-ojmnrj-4386e8d4d711b0677d4fb2a5ec9bc0b6 .av-image-caption-overlay-center{\ncolor:#ffffff;\n}\n<\/style>\n<div  class='avia-image-container av-ojmnrj-4386e8d4d711b0677d4fb2a5ec9bc0b6 av-styling- av-hover-grow avia-align-center  avia-builder-el-19  el_before_av_hr  avia-builder-el-first '   itemprop=\"image\" itemscope=\"itemscope\" itemtype=\"https:\/\/schema.org\/ImageObject\" ><div class=\"avia-image-container-inner\"><div class=\"avia-image-overlay-wrap\"><img decoding=\"async\" fetchpriority=\"high\" class='wp-image- avia-img-lazy-loading-not- avia_image ' src=\"https:\/\/www.thebreakers-somabay.com\/wp-content\/uploads\/2017\/09\/Jogging.jpg\" alt='' title=''   itemprop=\"thumbnailUrl\"  \/><\/div><\/div><\/div><br \/>\n\n<style type=\"text\/css\" data-created_by=\"avia_inline_auto\" id=\"style-css-av-mrmry7-a7d370188c92b1a5637f709f3f642d59\">\n#top .hr.hr-invisible.av-mrmry7-a7d370188c92b1a5637f709f3f642d59{\nheight:20px;\n}\n<\/style>\n<div  class='hr av-mrmry7-a7d370188c92b1a5637f709f3f642d59 hr-invisible  avia-builder-el-20  el_after_av_image  el_before_av_textblock '><span class='hr-inner '><span class=\"hr-inner-style\"><\/span><\/span><\/div><br \/>\n<section  class='av_textblock_section av-k2ju1r-af7777aa0fae9e5e43664395cc17aad0 '   itemscope=\"itemscope\" itemtype=\"https:\/\/schema.org\/CreativeWork\" ><div class='avia_textblock'  itemprop=\"text\" ><h2 style=\"text-align: center;\">Joggen<br \/>\n<img decoding=\"async\" class=\"nohover alignnone\" src=\"\/wp-content\/themes\/enfold-child\/images\/sep.png\" alt=\"Seperator\" \/><\/h2>\n<p style=\"text-align: center;\">Zwei landschaftlich reizvolle Laufstrecken mit 5 bzw. 9 Kilometern L\u00e4nge f\u00fchren direkt am Breakers vorbei \u2013 entlang von Str\u00e4nden, Palmen und dem Roten Meer. Ob bei Sonnenaufgang oder Sonnenuntergang: Einfach Laufschuhe anziehen und die besondere Atmosph\u00e4re genie\u00dfen. Ideal f\u00fcr alle, die Ausdauertraining mit Naturerlebnis verbinden m\u00f6chten.<\/p>\n<\/div><\/section><\/p><\/div>\n<style type=\"text\/css\" data-created_by=\"avia_inline_auto\" id=\"style-css-av-jn7pi7-983bd0ddeed62d81df1f79e240e42092\">\n.flex_column.av-jn7pi7-983bd0ddeed62d81df1f79e240e42092{\nborder-radius:0px 0px 0px 0px;\npadding:0px 0px 0px 0px;\n}\n<\/style>\n<div  class='flex_column av-jn7pi7-983bd0ddeed62d81df1f79e240e42092 av_one_third  avia-builder-el-22  el_after_av_one_third  el_before_av_one_third  flex_column_div av-zero-column-padding  column-top-margin'     ><p>\n<style type=\"text\/css\" data-created_by=\"avia_inline_auto\" id=\"style-css-av-hsbfz3-b93976f005874c99569ac8e4b2975f9a\">\n.avia-image-container.av-hsbfz3-b93976f005874c99569ac8e4b2975f9a img.avia_image{\nbox-shadow:none;\n}\n.avia-image-container.av-hsbfz3-b93976f005874c99569ac8e4b2975f9a .av-image-caption-overlay-center{\ncolor:#ffffff;\n}\n<\/style>\n<div  class='avia-image-container av-hsbfz3-b93976f005874c99569ac8e4b2975f9a av-styling- av-hover-grow avia-align-center  avia-builder-el-23  el_before_av_hr  avia-builder-el-first '   itemprop=\"image\" itemscope=\"itemscope\" itemtype=\"https:\/\/schema.org\/ImageObject\" ><div class=\"avia-image-container-inner\"><div class=\"avia-image-overlay-wrap\"><img decoding=\"async\" fetchpriority=\"high\" class='wp-image- avia-img-lazy-loading-not- avia_image ' src=\"https:\/\/www.thebreakers-somabay.com\/wp-content\/uploads\/2017\/09\/SUP.jpg\" alt='' title=''   itemprop=\"thumbnailUrl\"  \/><\/div><\/div><\/div><br \/>\n\n<style type=\"text\/css\" data-created_by=\"avia_inline_auto\" id=\"style-css-av-g0kcin-6ccd4c63de85e3799910301670014ece\">\n#top .hr.hr-invisible.av-g0kcin-6ccd4c63de85e3799910301670014ece{\nheight:20px;\n}\n<\/style>\n<div  class='hr av-g0kcin-6ccd4c63de85e3799910301670014ece hr-invisible  avia-builder-el-24  el_after_av_image  el_before_av_textblock '><span class='hr-inner '><span class=\"hr-inner-style\"><\/span><\/span><\/div><br \/>\n<section  class='av_textblock_section av-dlw9zj-7baba59c994e2996c57c505f8f640702 '   itemscope=\"itemscope\" itemtype=\"https:\/\/schema.org\/CreativeWork\" ><div class='avia_textblock'  itemprop=\"text\" ><h2 style=\"text-align: center;\">SUP<br \/>\n<img decoding=\"async\" class=\"nohover alignnone\" src=\"\/wp-content\/themes\/enfold-child\/images\/sep.png\" alt=\"Seperator\" \/><\/h2>\n<p style=\"text-align: center;\">Gleite ruhig \u00fcber das t\u00fcrkisfarbene, kristallklare Wasser vor dem 7 Bft KiteHouse und lasse den Stress hinter dir. Genie\u00dfe die friedliche Atmosph\u00e4re und die atemberaubende Aussicht \u2013 der perfekte Ausgleich f\u00fcr K\u00f6rper und Geist.<\/p>\n<\/div><\/section><\/p><\/div>\n<style type=\"text\/css\" data-created_by=\"avia_inline_auto\" id=\"style-css-av-d0agfz-7f7b8997e20ffb5ca325e8c5d8331800\">\n.flex_column.av-d0agfz-7f7b8997e20ffb5ca325e8c5d8331800{\nborder-radius:0px 0px 0px 0px;\npadding:0px 0px 0px 0px;\n}\n<\/style>\n<div  class='flex_column av-d0agfz-7f7b8997e20ffb5ca325e8c5d8331800 av_one_third  avia-builder-el-26  el_after_av_one_third  avia-builder-el-last  flex_column_div av-zero-column-padding  column-top-margin'     ><p>\n<style type=\"text\/css\" data-created_by=\"avia_inline_auto\" id=\"style-css-av-b36gjj-69b18d4d6a202d1b2d4df112eca4e10a\">\n.avia-image-container.av-b36gjj-69b18d4d6a202d1b2d4df112eca4e10a img.avia_image{\nbox-shadow:none;\n}\n.avia-image-container.av-b36gjj-69b18d4d6a202d1b2d4df112eca4e10a .av-image-caption-overlay-center{\ncolor:#ffffff;\n}\n<\/style>\n<div  class='avia-image-container av-b36gjj-69b18d4d6a202d1b2d4df112eca4e10a av-styling- av-hover-grow avia-align-center  avia-builder-el-27  el_before_av_hr  avia-builder-el-first '   itemprop=\"image\" itemscope=\"itemscope\" itemtype=\"https:\/\/schema.org\/ImageObject\" ><div class=\"avia-image-container-inner\"><div class=\"avia-image-overlay-wrap\"><img decoding=\"async\" fetchpriority=\"high\" class='wp-image- avia-img-lazy-loading-not- avia_image ' src=\"https:\/\/www.thebreakers-somabay.com\/wp-content\/uploads\/2017\/09\/Boccia.jpg\" alt='' title=''   itemprop=\"thumbnailUrl\"  \/><\/div><\/div><\/div><br \/>\n\n<style type=\"text\/css\" data-created_by=\"avia_inline_auto\" id=\"style-css-av-9tcq3z-5116ce9e58a015a4cfd24660c4f5950a\">\n#top .hr.hr-invisible.av-9tcq3z-5116ce9e58a015a4cfd24660c4f5950a{\nheight:20px;\n}\n<\/style>\n<div  class='hr av-9tcq3z-5116ce9e58a015a4cfd24660c4f5950a hr-invisible  avia-builder-el-28  el_after_av_image  el_before_av_textblock '><span class='hr-inner '><span class=\"hr-inner-style\"><\/span><\/span><\/div><br \/>\n<section  class='av_textblock_section av-7cbkb3-23b6d3717fe5f3e6b019bc8537bec685 '   itemscope=\"itemscope\" itemtype=\"https:\/\/schema.org\/CreativeWork\" ><div class='avia_textblock'  itemprop=\"text\" ><h2 style=\"text-align: center;\">Boccia<br \/>\n<img decoding=\"async\" class=\"nohover alignnone\" src=\"\/wp-content\/themes\/enfold-child\/images\/sep.png\" alt=\"Seperator\" \/><\/h2>\n<p class=\"\" data-start=\"126\" data-end=\"303\"><strong data-start=\"126\" data-end=\"155\">Entspannter Zeitvertreib:<\/strong> Genie\u00dfen Sie eine ruhige Runde Boccia direkt neben dem Fitnessstudio. Ein perfekter Weg, den Tag entspannt mit Freunden oder Familie zu verbringen.<\/p>\n<\/div><\/section><\/p><\/div><\/div><\/div><\/div><!-- close content main div --><\/div><\/div><div id='av_section_2'  class='avia-section av-58380f-e0495ec1df6e8275841b6db970fe9699 main_color avia-section-default avia-no-border-styling  avia-builder-el-30  el_after_av_section  avia-builder-el-last  avia-bg-style-scroll container_wrap sidebar_right'  ><div class='container av-section-cont-open' ><div class='template-page content  av-content-small alpha units'><div class='post-entry post-entry-type-page post-entry-8159'><div class='entry-content-wrapper clearfix'>\n\n<style type=\"text\/css\" data-created_by=\"avia_inline_auto\" id=\"style-css-av-4w1eq7-9ca615c34ebadf0527619c2815da2497\">\n#top .hr.hr-invisible.av-4w1eq7-9ca615c34ebadf0527619c2815da2497{\nmargin-top:-50px;\nheight:1px;\n}\n<\/style>\n<div  class='hr av-4w1eq7-9ca615c34ebadf0527619c2815da2497 hr-invisible  avia-builder-el-31  el_before_av_textblock  avia-builder-el-first '><span class='hr-inner '><span class=\"hr-inner-style\"><\/span><\/span><\/div>\n<section  class='av_textblock_section av-23csm7-ad3fd38edc13247a5388fe25ff5f06bb '   itemscope=\"itemscope\" itemtype=\"https:\/\/schema.org\/CreativeWork\" ><div class='avia_textblock'  itemprop=\"text\" ><p><img loading=\"lazy\" decoding=\"async\" class=\"size-medium wp-image-5084 aligncenter\" src=\"https:\/\/www.thebreakers-somabay.com\/wp-content\/uploads\/2017\/11\/gimmick2-300x300.png\" alt=\"\" width=\"300\" height=\"300\" \/><\/p>\n<\/div><\/section>\n<\/div><\/div><\/div><!-- close content main div --><\/div><\/div><div id='after_section_2'  class='main_color av_default_container_wrap container_wrap sidebar_right'  ><div class='container av-section-cont-open' ><div class='template-page content  av-content-small alpha units'><div class='post-entry post-entry-type-page post-entry-8159'><div class='entry-content-wrapper clearfix'><\/p>\n","protected":false},"excerpt":{"rendered":"","protected":false},"author":3,"featured_media":0,"parent":8148,"menu_order":0,"comment_status":"closed","ping_status":"closed","template":"","meta":{"footnotes":""},"class_list":["post-8159","page","type-page","status-publish","hentry"],"aioseo_notices":[],"_links":{"self":[{"href":"https:\/\/www.thebreakers-somabay.com\/de\/wp-json\/wp\/v2\/pages\/8159","targetHints":{"allow":["GET"]}}],"collection":[{"href":"https:\/\/www.thebreakers-somabay.com\/de\/wp-json\/wp\/v2\/pages"}],"about":[{"href":"https:\/\/www.thebreakers-somabay.com\/de\/wp-json\/wp\/v2\/types\/page"}],"author":[{"embeddable":true,"href":"https:\/\/www.thebreakers-somabay.com\/de\/wp-json\/wp\/v2\/users\/3"}],"replies":[{"embeddable":true,"href":"https:\/\/www.thebreakers-somabay.com\/de\/wp-json\/wp\/v2\/comments?post=8159"}],"version-history":[{"count":2,"href":"https:\/\/www.thebreakers-somabay.com\/de\/wp-json\/wp\/v2\/pages\/8159\/revisions"}],"predecessor-version":[{"id":8700,"href":"https:\/\/www.thebreakers-somabay.com\/de\/wp-json\/wp\/v2\/pages\/8159\/revisions\/8700"}],"up":[{"embeddable":true,"href":"https:\/\/www.thebreakers-somabay.com\/de\/wp-json\/wp\/v2\/pages\/8148"}],"wp:attachment":[{"href":"https:\/\/www.thebreakers-somabay.com\/de\/wp-json\/wp\/v2\/media?parent=8159"}],"curies":[{"name":"wp","href":"https:\/\/api.w.org\/{rel}","templated":true}]}}