{"id":4803,"date":"2017-11-24T00:29:10","date_gmt":"2017-11-23T23:29:10","guid":{"rendered":"http:\/\/breakers.kitehouse-somabay.com\/?page_id=4803"},"modified":"2025-07-02T14:00:17","modified_gmt":"2025-07-02T12:00:17","slug":"reservierung","status":"publish","type":"page","link":"https:\/\/www.thebreakers-somabay.com\/de\/reservierung\/","title":{"rendered":"Reservierung"},"content":{"rendered":"<div id='full_slider_1'  class='avia-fullwidth-slider main_color avia-shadow   avia-builder-el-0  el_before_av_one_full  avia-builder-el-first   container_wrap sidebar_right'  >\n<style type=\"text\/css\" data-created_by=\"avia_inline_auto\" id=\"style-css-av-jrl67n-a3402a95524fe745243e4816041cf7ec\">\n#top #wrap_all .avia-slideshow .av-slideshow-caption.av-jrl67n-a3402a95524fe745243e4816041cf7ec__0 .avia-caption-title{\nfont-size:100px;\n}\n#top .avia-slideshow .av-slideshow-caption.av-jrl67n-a3402a95524fe745243e4816041cf7ec__0 .avia-caption-content{\nfont-size:22px;\n}\n#top .avia-slideshow .av-slideshow-caption.av-jrl67n-a3402a95524fe745243e4816041cf7ec__0 .avia-caption-content p{\nfont-size:22px;\n}\n<\/style>\n<div  class='avia-slideshow av-jrl67n-a3402a95524fe745243e4816041cf7ec avia-slideshow-featured av_slideshow_full avia-fade-slider av-slideshow-ui av-control-default av-slideshow-autoplay av-loop-endless av-loop-manual-endless av-default-height-applied   avia-slideshow-1' data-slideshow-options=\"{&quot;animation&quot;:&quot;fade&quot;,&quot;autoplay&quot;:true,&quot;loop_autoplay&quot;:&quot;endless&quot;,&quot;interval&quot;:6,&quot;loop_manual&quot;:&quot;manual-endless&quot;,&quot;autoplay_stopper&quot;:false,&quot;noNavigation&quot;:false,&quot;bg_slider&quot;:false,&quot;keep_padding&quot;:false,&quot;hoverpause&quot;:false,&quot;show_slide_delay&quot;:0}\"  itemprop=\"image\" itemscope=\"itemscope\" itemtype=\"https:\/\/schema.org\/ImageObject\" ><ul class='avia-slideshow-inner ' style='padding-bottom: 28.666666666667%;'><\/ul><\/div><\/div><div id='after_full_slider_1'  class='main_color av_default_container_wrap container_wrap sidebar_right'  ><div class='container av-section-cont-open' ><div class='template-page content  av-content-small alpha units'><div class='post-entry post-entry-type-page post-entry-4803'><div class='entry-content-wrapper clearfix'>\n\n<style type=\"text\/css\" data-created_by=\"avia_inline_auto\" id=\"style-css-av-1mjnmb-06ef345787b5beae91f36b015d6c1765\">\n.flex_column.av-1mjnmb-06ef345787b5beae91f36b015d6c1765{\nborder-radius:0px 0px 0px 0px;\npadding:0px 0px 0px 0px;\n}\n<\/style>\n<div  class='flex_column av-1mjnmb-06ef345787b5beae91f36b015d6c1765 av_one_full  avia-builder-el-1  el_after_av_slideshow_full  el_before_av_one_fifth  avia-builder-el-first  first flex_column_div av-zero-column-padding  '     ><section  class='av_textblock_section av-ebvryb-dcd14d1057bcb5379d3cc4f04c32e42a '   itemscope=\"itemscope\" itemtype=\"https:\/\/schema.org\/CreativeWork\" ><div class='avia_textblock'  itemprop=\"text\" ><h1 style=\"text-align: center;\">Reservierung<\/h1>\n<h5 style=\"text-align: center;\">Weil das Leben in Somabay einfach wundersch\u00f6n ist!<\/h5>\n<\/div><\/section><br \/>\n\n<style type=\"text\/css\" data-created_by=\"avia_inline_auto\" id=\"style-css-av-d3ljz7-54e6151c95d0e7abd3b744c2e405d13f\">\n#top .hr.hr-invisible.av-d3ljz7-54e6151c95d0e7abd3b744c2e405d13f{\nmargin-top:-6px;\nheight:1px;\n}\n<\/style>\n<div  class='hr av-d3ljz7-54e6151c95d0e7abd3b744c2e405d13f hr-invisible  avia-builder-el-3  el_after_av_textblock  el_before_av_textblock '><span class='hr-inner '><span class=\"hr-inner-style\"><\/span><\/span><\/div><br \/>\n<section  class='av_textblock_section av-amdbjn-25ce9113e21655ec2c91d3b31773eeeb '   itemscope=\"itemscope\" itemtype=\"https:\/\/schema.org\/CreativeWork\" ><div class='avia_textblock'  itemprop=\"text\" ><p><img loading=\"lazy\" decoding=\"async\" class=\"size-full wp-image-3917 aligncenter\" src=\"\/wp-content\/uploads\/2015\/03\/Hotel.png\" alt=\"\" width=\"60\" height=\"60\" \/><\/p>\n<\/div><\/section><br \/>\n<section  class='av_textblock_section av-9uunyr-baa97134264657c44687c651e6b978dc '   itemscope=\"itemscope\" itemtype=\"https:\/\/schema.org\/CreativeWork\" ><div class='avia_textblock'  itemprop=\"text\" ><p style=\"text-align: center;\">F\u00fcr Ihre Reservierungsanfrage f\u00fcllen Sie bitte die angef\u00fchrten Felder aus. Die mit (*) versehenen Felder sind erforderlich. Wir antworten Ihnen innerhalb von 24 Stunden unter Angabe des bestm\u00f6glichen Preises. Oder schicken Sie uns direkt eine Email an: <a href=\"&#109;&#x61;&#x69;l&#116;&#x6f;&#x3a;i&#110;&#x66;o&#64;&#x74;&#x68;e&#98;&#x72;e&#97;&#x6b;&#x65;r&#115;&#x2d;&#x73;&#111;&#x6d;&#x61;b&#97;&#x79;&#x2e;c&#111;&#x6d;\">&#105;n&#x66;o&#x40;t&#x68;e&#x62;&#114;&#x65;&#97;&#x6b;&#101;&#x72;&#115;-&#115;o&#x6d;a&#x62;a&#x79;&#46;&#x63;&#111;&#x6d;<\/a><br \/>\nSuche dir jetzt <a href=\"https:\/\/www.thebreakers-somabay.com\/de\/zimmer\/\">dein Zimmer<\/a> aus!<\/p>\n<p style=\"text-align: center;\">Bei allen Anfragen und Buchungen gelten unsere <strong><a href=\"https:\/\/www.thebreakers-somabay.com\/de\/zimmer\/allgemeine-geschaeftsbedingungen-agb\/\">Allgemeinen Gesch\u00e4ftsbedingungen<\/a><\/strong>.<\/p>\n<\/div><\/section><\/p><\/div>\n<style type=\"text\/css\" data-created_by=\"avia_inline_auto\" id=\"style-css-av-7fs0qr-cda842a416430f44d6c7a6b03a3dbe76\">\n.flex_column.av-7fs0qr-cda842a416430f44d6c7a6b03a3dbe76{\nborder-radius:0px 0px 0px 0px;\npadding:0px 0px 0px 0px;\n}\n<\/style>\n<div  class='flex_column av-7fs0qr-cda842a416430f44d6c7a6b03a3dbe76 av_one_fifth  avia-builder-el-6  el_after_av_one_full  el_before_av_three_fifth  first flex_column_div av-zero-column-padding  column-top-margin'     ><\/div><\/p>\n\n<style type=\"text\/css\" data-created_by=\"avia_inline_auto\" id=\"style-css-av-6lk22r-bc24e5e8b88afc7b413f28070d61b90c\">\n.flex_column.av-6lk22r-bc24e5e8b88afc7b413f28070d61b90c{\nborder-radius:0px 0px 0px 0px;\npadding:0px 0px 0px 0px;\n}\n<\/style>\n<div  class='flex_column av-6lk22r-bc24e5e8b88afc7b413f28070d61b90c av_three_fifth  avia-builder-el-7  el_after_av_one_fifth  el_before_av_one_fifth  flex_column_div av-zero-column-padding  column-top-margin'     ><\/div>\n\n<style type=\"text\/css\" data-created_by=\"avia_inline_auto\" id=\"style-css-av-1cjj7-96a9a25042a63c1661f5fb04459455eb\">\n.flex_column.av-1cjj7-96a9a25042a63c1661f5fb04459455eb{\nborder-radius:0px 0px 0px 0px;\npadding:0px 0px 0px 0px;\n}\n<\/style>\n<div  class='flex_column av-1cjj7-96a9a25042a63c1661f5fb04459455eb av_one_fifth  avia-builder-el-9  el_after_av_three_fifth  el_before_av_hr  flex_column_div av-zero-column-padding  column-top-margin'     ><\/div>\n\n<style type=\"text\/css\" data-created_by=\"avia_inline_auto\" id=\"style-css-av-9g92r-5c1556311a08eb5d46a5c12137f139cc\">\n#top .hr.hr-invisible.av-9g92r-5c1556311a08eb5d46a5c12137f139cc{\nheight:20px;\n}\n<\/style>\n<div  class='hr av-9g92r-5c1556311a08eb5d46a5c12137f139cc hr-invisible  avia-builder-el-10  el_after_av_one_fifth  avia-builder-el-last '><span class='hr-inner '><span class=\"hr-inner-style\"><\/span><\/span><\/div>\n","protected":false},"excerpt":{"rendered":"","protected":false},"author":3,"featured_media":0,"parent":0,"menu_order":0,"comment_status":"closed","ping_status":"closed","template":"","meta":{"footnotes":""},"class_list":["post-4803","page","type-page","status-publish","hentry"],"aioseo_notices":[],"_links":{"self":[{"href":"https:\/\/www.thebreakers-somabay.com\/de\/wp-json\/wp\/v2\/pages\/4803","targetHints":{"allow":["GET"]}}],"collection":[{"href":"https:\/\/www.thebreakers-somabay.com\/de\/wp-json\/wp\/v2\/pages"}],"about":[{"href":"https:\/\/www.thebreakers-somabay.com\/de\/wp-json\/wp\/v2\/types\/page"}],"author":[{"embeddable":true,"href":"https:\/\/www.thebreakers-somabay.com\/de\/wp-json\/wp\/v2\/users\/3"}],"replies":[{"embeddable":true,"href":"https:\/\/www.thebreakers-somabay.com\/de\/wp-json\/wp\/v2\/comments?post=4803"}],"version-history":[{"count":4,"href":"https:\/\/www.thebreakers-somabay.com\/de\/wp-json\/wp\/v2\/pages\/4803\/revisions"}],"predecessor-version":[{"id":8861,"href":"https:\/\/www.thebreakers-somabay.com\/de\/wp-json\/wp\/v2\/pages\/4803\/revisions\/8861"}],"wp:attachment":[{"href":"https:\/\/www.thebreakers-somabay.com\/de\/wp-json\/wp\/v2\/media?parent=4803"}],"curies":[{"name":"wp","href":"https:\/\/api.w.org\/{rel}","templated":true}]}}